{"id":4185,"date":"2020-03-04T10:00:43","date_gmt":"2020-03-04T10:00:43","guid":{"rendered":"https:\/\/server-sanco.it\/?post_type=product&#038;p=4185"},"modified":"2024-06-28T15:23:44","modified_gmt":"2024-06-28T13:23:44","slug":"single-interface-relay","status":"publish","type":"product","link":"https:\/\/exom-electric.it\/en\/prodotto\/rele-di-interfaccia\/","title":{"rendered":"EP01 interface single relay"},"content":{"rendered":"<ul>\n<li>Extractable relay<\/li>\n<li>Thickness 16 mm<\/li>\n<li>Mounting on din rail<\/li>\n<li>It includes relay, socket, spring and led<\/li>\n<li>Interconnection strip types available<\/li>\n<li>Range of products: 1 contact 12A \u2013\u00a0 \u00a02 contacts 8A<\/li>\n<li>Voltage: 24VDC, 48VDC, 24VAC, 110VAC, 230VAC<\/li>\n<li>Mechanical life: 1.000.000 operations minimum<\/li>\n<li>Electrical life: 100.000 operations minimum<\/li>\n<\/ul>","protected":false},"excerpt":{"rendered":"<p>Interface single relay EP01, compact for small spaces<\/p>","protected":false},"featured_media":12246,"template":"","meta":{"_acf_changed":false},"product_brand":[],"product_cat":[884],"product_tag":[1466,1478,717,1520,1516,1518,1480,1470,1472,1476,1482,1474,771,1468,753,1522,1484],"class_list":{"0":"post-4185","1":"product","2":"type-product","3":"status-publish","4":"has-post-thumbnail","6":"product_cat-moduli-di-interfaccia-rele","7":"product_tag-accessori-rele","8":"product_tag-allarme","9":"product_tag-flashing-light","10":"product_tag-inteface","11":"product_tag-interfaccia","12":"product_tag-interfaccia-singola","13":"product_tag-led","14":"product_tag-modules","15":"product_tag-moduli","16":"product_tag-moduli-protezione","17":"product_tag-molla","18":"product_tag-protectin-modules","19":"product_tag-relais","20":"product_tag-relais-accessorier","21":"product_tag-rele","22":"product_tag-single-interface","23":"product_tag-spring","25":"first","26":"instock","27":"taxable","28":"shipping-taxable","29":"product-type-simple"},"acf":[],"yoast_head":"<!-- This site is optimized with the Yoast SEO plugin v27.5 - https:\/\/yoast.com\/product\/yoast-seo-wordpress\/ -->\n<title>EP01 Rel\u00e8 singoli di interfaccia - EXOM ELECTRIC EXO.M<\/title>\n<meta name=\"description\" content=\"Rel\u00e8 singoli di interfaccia EP01, compatti per piccoli spazi, rel\u00e8 estraibile; Assemblato e completo di modulo di segnalazione e protezione ai disturbi\" \/>\n<meta name=\"robots\" content=\"index, follow, max-snippet:-1, max-image-preview:large, max-video-preview:-1\" \/>\n<link rel=\"canonical\" href=\"https:\/\/exom-electric.it\/en\/product\/single-interface-relay\/\" \/>\n<meta property=\"og:locale\" content=\"en_GB\" \/>\n<meta property=\"og:type\" content=\"article\" \/>\n<meta property=\"og:title\" content=\"EP01 Rel\u00e8 singoli di interfaccia - EXOM ELECTRIC EXO.M\" \/>\n<meta property=\"og:description\" content=\"Rel\u00e8 singoli di interfaccia EP01, compatti per piccoli spazi, rel\u00e8 estraibile; Assemblato e completo di modulo di segnalazione e protezione ai disturbi\" \/>\n<meta property=\"og:url\" content=\"https:\/\/exom-electric.it\/en\/product\/single-interface-relay\/\" \/>\n<meta property=\"og:site_name\" content=\"EXOM ELECTRIC\" \/>\n<meta property=\"article:publisher\" content=\"https:\/\/www.facebook.com\/exom.electric\/\" \/>\n<meta property=\"article:modified_time\" content=\"2024-06-28T13:23:44+00:00\" \/>\n<meta property=\"og:image\" content=\"https:\/\/exom-electric.it\/wp-content\/uploads\/2020\/03\/EP01rid.jpg\" \/>\n\t<meta property=\"og:image:width\" content=\"800\" \/>\n\t<meta property=\"og:image:height\" content=\"800\" \/>\n\t<meta property=\"og:image:type\" content=\"image\/jpeg\" \/>\n<meta name=\"twitter:card\" content=\"summary_large_image\" \/>\n<script type=\"application\/ld+json\" class=\"yoast-schema-graph\">{\"@context\":\"https:\\\/\\\/schema.org\",\"@graph\":[{\"@type\":\"WebPage\",\"@id\":\"https:\\\/\\\/exom-electric.it\\\/prodotto\\\/rele-di-interfaccia\\\/\",\"url\":\"https:\\\/\\\/exom-electric.it\\\/prodotto\\\/rele-di-interfaccia\\\/\",\"name\":\"EP01 Rel\u00e8 singoli di interfaccia - EXOM ELECTRIC EXO.M\",\"isPartOf\":{\"@id\":\"https:\\\/\\\/exom-electric.it\\\/#website\"},\"primaryImageOfPage\":{\"@id\":\"https:\\\/\\\/exom-electric.it\\\/prodotto\\\/rele-di-interfaccia\\\/#primaryimage\"},\"image\":{\"@id\":\"https:\\\/\\\/exom-electric.it\\\/prodotto\\\/rele-di-interfaccia\\\/#primaryimage\"},\"thumbnailUrl\":\"https:\\\/\\\/exom-electric.it\\\/wp-content\\\/uploads\\\/2020\\\/03\\\/EP01rid.jpg\",\"datePublished\":\"2020-03-04T10:00:43+00:00\",\"dateModified\":\"2024-06-28T13:23:44+00:00\",\"description\":\"Rel\u00e8 singoli di interfaccia EP01, compatti per piccoli spazi, rel\u00e8 estraibile; Assemblato e completo di modulo di segnalazione e protezione ai disturbi\",\"breadcrumb\":{\"@id\":\"https:\\\/\\\/exom-electric.it\\\/prodotto\\\/rele-di-interfaccia\\\/#breadcrumb\"},\"inLanguage\":\"en-GB\",\"potentialAction\":[{\"@type\":\"ReadAction\",\"target\":[\"https:\\\/\\\/exom-electric.it\\\/prodotto\\\/rele-di-interfaccia\\\/\"]}]},{\"@type\":\"ImageObject\",\"inLanguage\":\"en-GB\",\"@id\":\"https:\\\/\\\/exom-electric.it\\\/prodotto\\\/rele-di-interfaccia\\\/#primaryimage\",\"url\":\"https:\\\/\\\/exom-electric.it\\\/wp-content\\\/uploads\\\/2020\\\/03\\\/EP01rid.jpg\",\"contentUrl\":\"https:\\\/\\\/exom-electric.it\\\/wp-content\\\/uploads\\\/2020\\\/03\\\/EP01rid.jpg\",\"width\":800,\"height\":800},{\"@type\":\"BreadcrumbList\",\"@id\":\"https:\\\/\\\/exom-electric.it\\\/prodotto\\\/rele-di-interfaccia\\\/#breadcrumb\",\"itemListElement\":[{\"@type\":\"ListItem\",\"position\":1,\"name\":\"Home\",\"item\":\"https:\\\/\\\/exom-electric.it\\\/\"},{\"@type\":\"ListItem\",\"position\":2,\"name\":\"Prodotti\",\"item\":\"https:\\\/\\\/exom-electric.it\\\/catalogo-exom\\\/catalogo-prodotti\\\/\"},{\"@type\":\"ListItem\",\"position\":3,\"name\":\"EP01 Rel\u00e8 singoli di interfaccia\"}]},{\"@type\":\"WebSite\",\"@id\":\"https:\\\/\\\/exom-electric.it\\\/#website\",\"url\":\"https:\\\/\\\/exom-electric.it\\\/\",\"name\":\"EXOM ELECTRIC\",\"description\":\"Automation components - Industrial cable processing\",\"publisher\":{\"@id\":\"https:\\\/\\\/exom-electric.it\\\/#organization\"},\"potentialAction\":[{\"@type\":\"SearchAction\",\"target\":{\"@type\":\"EntryPoint\",\"urlTemplate\":\"https:\\\/\\\/exom-electric.it\\\/?s={search_term_string}\"},\"query-input\":{\"@type\":\"PropertyValueSpecification\",\"valueRequired\":true,\"valueName\":\"search_term_string\"}}],\"inLanguage\":\"en-GB\"},{\"@type\":\"Organization\",\"@id\":\"https:\\\/\\\/exom-electric.it\\\/#organization\",\"name\":\"Exo.m Electric\",\"url\":\"https:\\\/\\\/exom-electric.it\\\/\",\"logo\":{\"@type\":\"ImageObject\",\"inLanguage\":\"en-GB\",\"@id\":\"https:\\\/\\\/exom-electric.it\\\/#\\\/schema\\\/logo\\\/image\\\/\",\"url\":\"https:\\\/\\\/exom-electric.it\\\/wp-content\\\/uploads\\\/2021\\\/10\\\/exom-log-blu.png\",\"contentUrl\":\"https:\\\/\\\/exom-electric.it\\\/wp-content\\\/uploads\\\/2021\\\/10\\\/exom-log-blu.png\",\"width\":214,\"height\":100,\"caption\":\"Exo.m Electric\"},\"image\":{\"@id\":\"https:\\\/\\\/exom-electric.it\\\/#\\\/schema\\\/logo\\\/image\\\/\"},\"sameAs\":[\"https:\\\/\\\/www.facebook.com\\\/exom.electric\\\/\"]}]}<\/script>\n<!-- \/ Yoast SEO plugin. -->","yoast_head_json":{"title":"EP01 single interface relay - EXOM ELECTRIC EXO.M","description":"Interface single relay EP01, compact for small spaces, extractable relay. Assembled and completed with socket, spring and signal led","robots":{"index":"index","follow":"follow","max-snippet":"max-snippet:-1","max-image-preview":"max-image-preview:large","max-video-preview":"max-video-preview:-1"},"canonical":"https:\/\/exom-electric.it\/en\/product\/single-interface-relay\/","og_locale":"en_GB","og_type":"article","og_title":"EP01 Rel\u00e8 singoli di interfaccia - EXOM ELECTRIC EXO.M","og_description":"Rel\u00e8 singoli di interfaccia EP01, compatti per piccoli spazi, rel\u00e8 estraibile; Assemblato e completo di modulo di segnalazione e protezione ai disturbi","og_url":"https:\/\/exom-electric.it\/en\/product\/single-interface-relay\/","og_site_name":"EXOM ELECTRIC","article_publisher":"https:\/\/www.facebook.com\/exom.electric\/","article_modified_time":"2024-06-28T13:23:44+00:00","og_image":[{"width":800,"height":800,"url":"https:\/\/exom-electric.it\/wp-content\/uploads\/2020\/03\/EP01rid.jpg","type":"image\/jpeg"}],"twitter_card":"summary_large_image","schema":{"@context":"https:\/\/schema.org","@graph":[{"@type":"WebPage","@id":"https:\/\/exom-electric.it\/prodotto\/rele-di-interfaccia\/","url":"https:\/\/exom-electric.it\/prodotto\/rele-di-interfaccia\/","name":"EP01 single interface relay - EXOM ELECTRIC EXO.M","isPartOf":{"@id":"https:\/\/exom-electric.it\/#website"},"primaryImageOfPage":{"@id":"https:\/\/exom-electric.it\/prodotto\/rele-di-interfaccia\/#primaryimage"},"image":{"@id":"https:\/\/exom-electric.it\/prodotto\/rele-di-interfaccia\/#primaryimage"},"thumbnailUrl":"https:\/\/exom-electric.it\/wp-content\/uploads\/2020\/03\/EP01rid.jpg","datePublished":"2020-03-04T10:00:43+00:00","dateModified":"2024-06-28T13:23:44+00:00","description":"Interface single relay EP01, compact for small spaces, extractable relay. Assembled and completed with socket, spring and signal led","breadcrumb":{"@id":"https:\/\/exom-electric.it\/prodotto\/rele-di-interfaccia\/#breadcrumb"},"inLanguage":"en-GB","potentialAction":[{"@type":"ReadAction","target":["https:\/\/exom-electric.it\/prodotto\/rele-di-interfaccia\/"]}]},{"@type":"ImageObject","inLanguage":"en-GB","@id":"https:\/\/exom-electric.it\/prodotto\/rele-di-interfaccia\/#primaryimage","url":"https:\/\/exom-electric.it\/wp-content\/uploads\/2020\/03\/EP01rid.jpg","contentUrl":"https:\/\/exom-electric.it\/wp-content\/uploads\/2020\/03\/EP01rid.jpg","width":800,"height":800},{"@type":"BreadcrumbList","@id":"https:\/\/exom-electric.it\/prodotto\/rele-di-interfaccia\/#breadcrumb","itemListElement":[{"@type":"ListItem","position":1,"name":"Home","item":"https:\/\/exom-electric.it\/"},{"@type":"ListItem","position":2,"name":"Prodotti","item":"https:\/\/exom-electric.it\/catalogo-exom\/catalogo-prodotti\/"},{"@type":"ListItem","position":3,"name":"EP01 Rel\u00e8 singoli di interfaccia"}]},{"@type":"WebSite","@id":"https:\/\/exom-electric.it\/#website","url":"https:\/\/exom-electric.it\/","name":"EXOM ELECTRIC","description":"Automation components - Industrial cable processing","publisher":{"@id":"https:\/\/exom-electric.it\/#organization"},"potentialAction":[{"@type":"SearchAction","target":{"@type":"EntryPoint","urlTemplate":"https:\/\/exom-electric.it\/?s={search_term_string}"},"query-input":{"@type":"PropertyValueSpecification","valueRequired":true,"valueName":"search_term_string"}}],"inLanguage":"en-GB"},{"@type":"Organization","@id":"https:\/\/exom-electric.it\/#organization","name":"Exo.m Electric","url":"https:\/\/exom-electric.it\/","logo":{"@type":"ImageObject","inLanguage":"en-GB","@id":"https:\/\/exom-electric.it\/#\/schema\/logo\/image\/","url":"https:\/\/exom-electric.it\/wp-content\/uploads\/2021\/10\/exom-log-blu.png","contentUrl":"https:\/\/exom-electric.it\/wp-content\/uploads\/2021\/10\/exom-log-blu.png","width":214,"height":100,"caption":"Exo.m Electric"},"image":{"@id":"https:\/\/exom-electric.it\/#\/schema\/logo\/image\/"},"sameAs":["https:\/\/www.facebook.com\/exom.electric\/"]}]}},"_links":{"self":[{"href":"https:\/\/exom-electric.it\/en\/wp-json\/wp\/v2\/product\/4185","targetHints":{"allow":["GET"]}}],"collection":[{"href":"https:\/\/exom-electric.it\/en\/wp-json\/wp\/v2\/product"}],"about":[{"href":"https:\/\/exom-electric.it\/en\/wp-json\/wp\/v2\/types\/product"}],"wp:featuredmedia":[{"embeddable":true,"href":"https:\/\/exom-electric.it\/en\/wp-json\/wp\/v2\/media\/12246"}],"wp:attachment":[{"href":"https:\/\/exom-electric.it\/en\/wp-json\/wp\/v2\/media?parent=4185"}],"wp:term":[{"taxonomy":"product_brand","embeddable":true,"href":"https:\/\/exom-electric.it\/en\/wp-json\/wp\/v2\/product_brand?post=4185"},{"taxonomy":"product_cat","embeddable":true,"href":"https:\/\/exom-electric.it\/en\/wp-json\/wp\/v2\/product_cat?post=4185"},{"taxonomy":"product_tag","embeddable":true,"href":"https:\/\/exom-electric.it\/en\/wp-json\/wp\/v2\/product_tag?post=4185"}],"curies":[{"name":"wp","href":"https:\/\/api.w.org\/{rel}","templated":true}]}}